{"id":743,"date":"2025-09-02T17:35:39","date_gmt":"2025-09-02T14:35:39","guid":{"rendered":"https:\/\/coldbet.app\/bj\/?page_id=743"},"modified":"2025-09-17T10:29:48","modified_gmt":"2025-09-17T07:29:48","slug":"casino","status":"publish","type":"page","link":"https:\/\/coldbet.app\/bj\/casino\/","title":{"rendered":"Casino"},"content":{"rendered":"","protected":false},"excerpt":{"rendered":"","protected":false},"author":1,"featured_media":0,"parent":0,"menu_order":0,"comment_status":"closed","ping_status":"closed","template":"","meta":{"_acf_changed":false,"footnotes":""},"class_list":["post-743","page","type-page","status-publish","hentry"],"acf":[],"yoast_head":"<!-- This site is optimized with the Yoast SEO plugin v25.5 - https:\/\/yoast.com\/wordpress\/plugins\/seo\/ -->\n<title>ColdBet Casino B\u00e9nin &gt; Jeux, bonus et fonctionnalit\u00e9s en 2025<\/title>\n<meta name=\"description\" content=\"D\u00e9couvrez tout sur le casino en ligne ColdBet B\u00e9nin : quels jeux sont disponibles et comment fonctionnent les bonus.\" \/>\n<meta name=\"robots\" content=\"index, follow, max-snippet:-1, max-image-preview:large, max-video-preview:-1\" \/>\n<meta property=\"og:locale\" content=\"en_US\" \/>\n<meta property=\"og:type\" content=\"article\" \/>\n<meta property=\"og:title\" content=\"ColdBet Casino B\u00e9nin &gt; Jeux, bonus et fonctionnalit\u00e9s en 2025\" \/>\n<meta property=\"og:description\" content=\"D\u00e9couvrez tout sur le casino en ligne ColdBet B\u00e9nin : quels jeux sont disponibles et comment fonctionnent les bonus.\" \/>\n<meta property=\"og:url\" content=\"https:\/\/coldbet.app\/bj\/casino\/\" \/>\n<meta property=\"og:site_name\" content=\"Coldbet App BJ\" \/>\n<meta property=\"article:modified_time\" content=\"2025-09-17T07:29:48+00:00\" \/>\n<meta name=\"twitter:card\" content=\"summary_large_image\" \/>\n<script type=\"application\/ld+json\" class=\"yoast-schema-graph\">{\"@context\":\"https:\/\/schema.org\",\"@graph\":[{\"@type\":\"WebPage\",\"@id\":\"https:\/\/coldbet.app\/bj\/casino\/\",\"url\":\"https:\/\/coldbet.app\/bj\/casino\/\",\"name\":\"ColdBet Casino B\u00e9nin > Jeux, bonus et fonctionnalit\u00e9s en 2025\",\"isPartOf\":{\"@id\":\"https:\/\/coldbet.app\/bj\/#website\"},\"datePublished\":\"2025-09-02T14:35:39+00:00\",\"dateModified\":\"2025-09-17T07:29:48+00:00\",\"description\":\"D\u00e9couvrez tout sur le casino en ligne ColdBet B\u00e9nin : quels jeux sont disponibles et comment fonctionnent les bonus.\",\"breadcrumb\":{\"@id\":\"https:\/\/coldbet.app\/bj\/casino\/#breadcrumb\"},\"inLanguage\":\"en-AU\",\"potentialAction\":[{\"@type\":\"ReadAction\",\"target\":[\"https:\/\/coldbet.app\/bj\/casino\/\"]}]},{\"@type\":\"BreadcrumbList\",\"@id\":\"https:\/\/coldbet.app\/bj\/casino\/#breadcrumb\",\"itemListElement\":[{\"@type\":\"ListItem\",\"position\":1,\"name\":\"Page d'accueil\",\"item\":\"https:\/\/coldbet.app\/bj\/\"},{\"@type\":\"ListItem\",\"position\":2,\"name\":\"Casino\"}]},{\"@type\":\"WebSite\",\"@id\":\"https:\/\/coldbet.app\/bj\/#website\",\"url\":\"https:\/\/coldbet.app\/bj\/\",\"name\":\"Coldbet App BJ\",\"description\":\"\",\"potentialAction\":[{\"@type\":\"SearchAction\",\"target\":{\"@type\":\"EntryPoint\",\"urlTemplate\":\"https:\/\/coldbet.app\/bj\/?s={search_term_string}\"},\"query-input\":{\"@type\":\"PropertyValueSpecification\",\"valueRequired\":true,\"valueName\":\"search_term_string\"}}],\"inLanguage\":\"en-AU\"}]}<\/script>\n<!-- \/ Yoast SEO plugin. -->","yoast_head_json":{"title":"ColdBet Casino B\u00e9nin > Jeux, bonus et fonctionnalit\u00e9s en 2025","description":"D\u00e9couvrez tout sur le casino en ligne ColdBet B\u00e9nin : quels jeux sont disponibles et comment fonctionnent les bonus.","robots":{"index":"index","follow":"follow","max-snippet":"max-snippet:-1","max-image-preview":"max-image-preview:large","max-video-preview":"max-video-preview:-1"},"og_locale":"en_US","og_type":"article","og_title":"ColdBet Casino B\u00e9nin > Jeux, bonus et fonctionnalit\u00e9s en 2025","og_description":"D\u00e9couvrez tout sur le casino en ligne ColdBet B\u00e9nin : quels jeux sont disponibles et comment fonctionnent les bonus.","og_url":"https:\/\/coldbet.app\/bj\/casino\/","og_site_name":"Coldbet App BJ","article_modified_time":"2025-09-17T07:29:48+00:00","twitter_card":"summary_large_image","schema":{"@context":"https:\/\/schema.org","@graph":[{"@type":"WebPage","@id":"https:\/\/coldbet.app\/bj\/casino\/","url":"https:\/\/coldbet.app\/bj\/casino\/","name":"ColdBet Casino B\u00e9nin > Jeux, bonus et fonctionnalit\u00e9s en 2025","isPartOf":{"@id":"https:\/\/coldbet.app\/bj\/#website"},"datePublished":"2025-09-02T14:35:39+00:00","dateModified":"2025-09-17T07:29:48+00:00","description":"D\u00e9couvrez tout sur le casino en ligne ColdBet B\u00e9nin : quels jeux sont disponibles et comment fonctionnent les bonus.","breadcrumb":{"@id":"https:\/\/coldbet.app\/bj\/casino\/#breadcrumb"},"inLanguage":"en-AU","potentialAction":[{"@type":"ReadAction","target":["https:\/\/coldbet.app\/bj\/casino\/"]}]},{"@type":"BreadcrumbList","@id":"https:\/\/coldbet.app\/bj\/casino\/#breadcrumb","itemListElement":[{"@type":"ListItem","position":1,"name":"Page d'accueil","item":"https:\/\/coldbet.app\/bj\/"},{"@type":"ListItem","position":2,"name":"Casino"}]},{"@type":"WebSite","@id":"https:\/\/coldbet.app\/bj\/#website","url":"https:\/\/coldbet.app\/bj\/","name":"Coldbet App BJ","description":"","potentialAction":[{"@type":"SearchAction","target":{"@type":"EntryPoint","urlTemplate":"https:\/\/coldbet.app\/bj\/?s={search_term_string}"},"query-input":{"@type":"PropertyValueSpecification","valueRequired":true,"valueName":"search_term_string"}}],"inLanguage":"en-AU"}]}},"_links":{"self":[{"href":"https:\/\/coldbet.app\/bj\/wp-json\/wp\/v2\/pages\/743","targetHints":{"allow":["GET"]}}],"collection":[{"href":"https:\/\/coldbet.app\/bj\/wp-json\/wp\/v2\/pages"}],"about":[{"href":"https:\/\/coldbet.app\/bj\/wp-json\/wp\/v2\/types\/page"}],"author":[{"embeddable":true,"href":"https:\/\/coldbet.app\/bj\/wp-json\/wp\/v2\/users\/1"}],"replies":[{"embeddable":true,"href":"https:\/\/coldbet.app\/bj\/wp-json\/wp\/v2\/comments?post=743"}],"version-history":[{"count":9,"href":"https:\/\/coldbet.app\/bj\/wp-json\/wp\/v2\/pages\/743\/revisions"}],"predecessor-version":[{"id":874,"href":"https:\/\/coldbet.app\/bj\/wp-json\/wp\/v2\/pages\/743\/revisions\/874"}],"wp:attachment":[{"href":"https:\/\/coldbet.app\/bj\/wp-json\/wp\/v2\/media?parent=743"}],"curies":[{"name":"wp","href":"https:\/\/api.w.org\/{rel}","templated":true}]}}