{"id":753,"date":"2025-09-02T17:35:45","date_gmt":"2025-09-02T14:35:45","guid":{"rendered":"https:\/\/coldbet.app\/bj\/?page_id=753"},"modified":"2025-09-17T10:26:07","modified_gmt":"2025-09-17T07:26:07","slug":"ios","status":"publish","type":"page","link":"https:\/\/coldbet.app\/bj\/ios\/","title":{"rendered":"iOS"},"content":{"rendered":"","protected":false},"excerpt":{"rendered":"","protected":false},"author":1,"featured_media":0,"parent":0,"menu_order":0,"comment_status":"closed","ping_status":"closed","template":"","meta":{"_acf_changed":false,"footnotes":""},"class_list":["post-753","page","type-page","status-publish","hentry"],"acf":[],"yoast_head":"<!-- This site is optimized with the Yoast SEO plugin v25.5 - https:\/\/yoast.com\/wordpress\/plugins\/seo\/ -->\n<title>ColdBet iOS B\u00e9nin &gt; Comment utiliser l&#039;application sur iPhone<\/title>\n<meta name=\"description\" content=\"Le t\u00e9l\u00e9chargement de ColdBet B\u00e9nin pour iOS vous permettra d&#039;acc\u00e9der aux paris et casino directement depuis votre t\u00e9l\u00e9phone. Installation et bonus.\" \/>\n<meta name=\"robots\" content=\"index, follow, max-snippet:-1, max-image-preview:large, max-video-preview:-1\" \/>\n<meta property=\"og:locale\" content=\"en_US\" \/>\n<meta property=\"og:type\" content=\"article\" \/>\n<meta property=\"og:title\" content=\"ColdBet iOS B\u00e9nin &gt; Comment utiliser l&#039;application sur iPhone\" \/>\n<meta property=\"og:description\" content=\"Le t\u00e9l\u00e9chargement de ColdBet B\u00e9nin pour iOS vous permettra d&#039;acc\u00e9der aux paris et casino directement depuis votre t\u00e9l\u00e9phone. Installation et bonus.\" \/>\n<meta property=\"og:url\" content=\"https:\/\/coldbet.app\/bj\/ios\/\" \/>\n<meta property=\"og:site_name\" content=\"Coldbet App BJ\" \/>\n<meta property=\"article:modified_time\" content=\"2025-09-17T07:26:07+00:00\" \/>\n<meta name=\"twitter:card\" content=\"summary_large_image\" \/>\n<script type=\"application\/ld+json\" class=\"yoast-schema-graph\">{\"@context\":\"https:\/\/schema.org\",\"@graph\":[{\"@type\":\"WebPage\",\"@id\":\"https:\/\/coldbet.app\/bj\/ios\/\",\"url\":\"https:\/\/coldbet.app\/bj\/ios\/\",\"name\":\"ColdBet iOS B\u00e9nin > Comment utiliser l'application sur iPhone\",\"isPartOf\":{\"@id\":\"https:\/\/coldbet.app\/bj\/#website\"},\"datePublished\":\"2025-09-02T14:35:45+00:00\",\"dateModified\":\"2025-09-17T07:26:07+00:00\",\"description\":\"Le t\u00e9l\u00e9chargement de ColdBet B\u00e9nin pour iOS vous permettra d'acc\u00e9der aux paris et casino directement depuis votre t\u00e9l\u00e9phone. Installation et bonus.\",\"breadcrumb\":{\"@id\":\"https:\/\/coldbet.app\/bj\/ios\/#breadcrumb\"},\"inLanguage\":\"en-AU\",\"potentialAction\":[{\"@type\":\"ReadAction\",\"target\":[\"https:\/\/coldbet.app\/bj\/ios\/\"]}]},{\"@type\":\"BreadcrumbList\",\"@id\":\"https:\/\/coldbet.app\/bj\/ios\/#breadcrumb\",\"itemListElement\":[{\"@type\":\"ListItem\",\"position\":1,\"name\":\"Page d'accueil\",\"item\":\"https:\/\/coldbet.app\/bj\/\"},{\"@type\":\"ListItem\",\"position\":2,\"name\":\"iOS\"}]},{\"@type\":\"WebSite\",\"@id\":\"https:\/\/coldbet.app\/bj\/#website\",\"url\":\"https:\/\/coldbet.app\/bj\/\",\"name\":\"Coldbet App BJ\",\"description\":\"\",\"potentialAction\":[{\"@type\":\"SearchAction\",\"target\":{\"@type\":\"EntryPoint\",\"urlTemplate\":\"https:\/\/coldbet.app\/bj\/?s={search_term_string}\"},\"query-input\":{\"@type\":\"PropertyValueSpecification\",\"valueRequired\":true,\"valueName\":\"search_term_string\"}}],\"inLanguage\":\"en-AU\"}]}<\/script>\n<!-- \/ Yoast SEO plugin. -->","yoast_head_json":{"title":"ColdBet iOS B\u00e9nin > Comment utiliser l'application sur iPhone","description":"Le t\u00e9l\u00e9chargement de ColdBet B\u00e9nin pour iOS vous permettra d'acc\u00e9der aux paris et casino directement depuis votre t\u00e9l\u00e9phone. Installation et bonus.","robots":{"index":"index","follow":"follow","max-snippet":"max-snippet:-1","max-image-preview":"max-image-preview:large","max-video-preview":"max-video-preview:-1"},"og_locale":"en_US","og_type":"article","og_title":"ColdBet iOS B\u00e9nin > Comment utiliser l'application sur iPhone","og_description":"Le t\u00e9l\u00e9chargement de ColdBet B\u00e9nin pour iOS vous permettra d'acc\u00e9der aux paris et casino directement depuis votre t\u00e9l\u00e9phone. Installation et bonus.","og_url":"https:\/\/coldbet.app\/bj\/ios\/","og_site_name":"Coldbet App BJ","article_modified_time":"2025-09-17T07:26:07+00:00","twitter_card":"summary_large_image","schema":{"@context":"https:\/\/schema.org","@graph":[{"@type":"WebPage","@id":"https:\/\/coldbet.app\/bj\/ios\/","url":"https:\/\/coldbet.app\/bj\/ios\/","name":"ColdBet iOS B\u00e9nin > Comment utiliser l'application sur iPhone","isPartOf":{"@id":"https:\/\/coldbet.app\/bj\/#website"},"datePublished":"2025-09-02T14:35:45+00:00","dateModified":"2025-09-17T07:26:07+00:00","description":"Le t\u00e9l\u00e9chargement de ColdBet B\u00e9nin pour iOS vous permettra d'acc\u00e9der aux paris et casino directement depuis votre t\u00e9l\u00e9phone. Installation et bonus.","breadcrumb":{"@id":"https:\/\/coldbet.app\/bj\/ios\/#breadcrumb"},"inLanguage":"en-AU","potentialAction":[{"@type":"ReadAction","target":["https:\/\/coldbet.app\/bj\/ios\/"]}]},{"@type":"BreadcrumbList","@id":"https:\/\/coldbet.app\/bj\/ios\/#breadcrumb","itemListElement":[{"@type":"ListItem","position":1,"name":"Page d'accueil","item":"https:\/\/coldbet.app\/bj\/"},{"@type":"ListItem","position":2,"name":"iOS"}]},{"@type":"WebSite","@id":"https:\/\/coldbet.app\/bj\/#website","url":"https:\/\/coldbet.app\/bj\/","name":"Coldbet App BJ","description":"","potentialAction":[{"@type":"SearchAction","target":{"@type":"EntryPoint","urlTemplate":"https:\/\/coldbet.app\/bj\/?s={search_term_string}"},"query-input":{"@type":"PropertyValueSpecification","valueRequired":true,"valueName":"search_term_string"}}],"inLanguage":"en-AU"}]}},"_links":{"self":[{"href":"https:\/\/coldbet.app\/bj\/wp-json\/wp\/v2\/pages\/753","targetHints":{"allow":["GET"]}}],"collection":[{"href":"https:\/\/coldbet.app\/bj\/wp-json\/wp\/v2\/pages"}],"about":[{"href":"https:\/\/coldbet.app\/bj\/wp-json\/wp\/v2\/types\/page"}],"author":[{"embeddable":true,"href":"https:\/\/coldbet.app\/bj\/wp-json\/wp\/v2\/users\/1"}],"replies":[{"embeddable":true,"href":"https:\/\/coldbet.app\/bj\/wp-json\/wp\/v2\/comments?post=753"}],"version-history":[{"count":8,"href":"https:\/\/coldbet.app\/bj\/wp-json\/wp\/v2\/pages\/753\/revisions"}],"predecessor-version":[{"id":871,"href":"https:\/\/coldbet.app\/bj\/wp-json\/wp\/v2\/pages\/753\/revisions\/871"}],"wp:attachment":[{"href":"https:\/\/coldbet.app\/bj\/wp-json\/wp\/v2\/media?parent=753"}],"curies":[{"name":"wp","href":"https:\/\/api.w.org\/{rel}","templated":true}]}}