{"id":751,"date":"2025-09-02T17:35:34","date_gmt":"2025-09-02T14:35:34","guid":{"rendered":"https:\/\/coldbet.app\/cm\/?page_id=751"},"modified":"2026-01-20T11:44:45","modified_gmt":"2026-01-20T08:44:45","slug":"app","status":"publish","type":"page","link":"https:\/\/coldbet.app\/cm\/app\/","title":{"rendered":"App"},"content":{"rendered":"","protected":false},"excerpt":{"rendered":"","protected":false},"author":1,"featured_media":0,"parent":0,"menu_order":0,"comment_status":"closed","ping_status":"closed","template":"","meta":{"_acf_changed":false,"footnotes":""},"class_list":["post-751","page","type-page","status-publish","hentry"],"acf":[],"yoast_head":"<!-- This site is optimized with the Yoast SEO plugin v25.5 - https:\/\/yoast.com\/wordpress\/plugins\/seo\/ -->\n<title>Application ColdBet Cameroun<\/title>\n<meta name=\"description\" content=\"T\u00e9l\u00e9chargez l&#039;app ColdBet Cameroun et acc\u00e9dez rapidement aux paris sportifs et au casino en direct\u00a0! Interface conviviale et fonctionnement stable.\" \/>\n<meta name=\"robots\" content=\"index, follow, max-snippet:-1, max-image-preview:large, max-video-preview:-1\" \/>\n<meta property=\"og:locale\" content=\"en_US\" \/>\n<meta property=\"og:type\" content=\"article\" \/>\n<meta property=\"og:title\" content=\"Application ColdBet Cameroun\" \/>\n<meta property=\"og:description\" content=\"T\u00e9l\u00e9chargez l&#039;app ColdBet Cameroun et acc\u00e9dez rapidement aux paris sportifs et au casino en direct\u00a0! Interface conviviale et fonctionnement stable.\" \/>\n<meta property=\"og:url\" content=\"https:\/\/coldbet.app\/cm\/app\/\" \/>\n<meta property=\"og:site_name\" content=\"Coldbet App CM\" \/>\n<meta property=\"article:modified_time\" content=\"2026-01-20T08:44:45+00:00\" \/>\n<meta name=\"twitter:card\" content=\"summary_large_image\" \/>\n<script type=\"application\/ld+json\" class=\"yoast-schema-graph\">{\"@context\":\"https:\/\/schema.org\",\"@graph\":[{\"@type\":\"WebPage\",\"@id\":\"https:\/\/coldbet.app\/cm\/app\/\",\"url\":\"https:\/\/coldbet.app\/cm\/app\/\",\"name\":\"Application ColdBet Cameroun\",\"isPartOf\":{\"@id\":\"https:\/\/coldbet.app\/cm\/#website\"},\"datePublished\":\"2025-09-02T14:35:34+00:00\",\"dateModified\":\"2026-01-20T08:44:45+00:00\",\"description\":\"T\u00e9l\u00e9chargez l'app ColdBet Cameroun et acc\u00e9dez rapidement aux paris sportifs et au casino en direct\u00a0! Interface conviviale et fonctionnement stable.\",\"breadcrumb\":{\"@id\":\"https:\/\/coldbet.app\/cm\/app\/#breadcrumb\"},\"inLanguage\":\"en-CA\",\"potentialAction\":[{\"@type\":\"ReadAction\",\"target\":[\"https:\/\/coldbet.app\/cm\/app\/\"]}]},{\"@type\":\"BreadcrumbList\",\"@id\":\"https:\/\/coldbet.app\/cm\/app\/#breadcrumb\",\"itemListElement\":[{\"@type\":\"ListItem\",\"position\":1,\"name\":\"Page d'accueil\",\"item\":\"https:\/\/coldbet.app\/cm\/\"},{\"@type\":\"ListItem\",\"position\":2,\"name\":\"App\"}]},{\"@type\":\"WebSite\",\"@id\":\"https:\/\/coldbet.app\/cm\/#website\",\"url\":\"https:\/\/coldbet.app\/cm\/\",\"name\":\"Coldbet App CM\",\"description\":\"\",\"potentialAction\":[{\"@type\":\"SearchAction\",\"target\":{\"@type\":\"EntryPoint\",\"urlTemplate\":\"https:\/\/coldbet.app\/cm\/?s={search_term_string}\"},\"query-input\":{\"@type\":\"PropertyValueSpecification\",\"valueRequired\":true,\"valueName\":\"search_term_string\"}}],\"inLanguage\":\"en-CA\"}]}<\/script>\n<!-- \/ Yoast SEO plugin. -->","yoast_head_json":{"title":"Application ColdBet Cameroun","description":"T\u00e9l\u00e9chargez l'app ColdBet Cameroun et acc\u00e9dez rapidement aux paris sportifs et au casino en direct\u00a0! Interface conviviale et fonctionnement stable.","robots":{"index":"index","follow":"follow","max-snippet":"max-snippet:-1","max-image-preview":"max-image-preview:large","max-video-preview":"max-video-preview:-1"},"og_locale":"en_US","og_type":"article","og_title":"Application ColdBet Cameroun","og_description":"T\u00e9l\u00e9chargez l'app ColdBet Cameroun et acc\u00e9dez rapidement aux paris sportifs et au casino en direct\u00a0! Interface conviviale et fonctionnement stable.","og_url":"https:\/\/coldbet.app\/cm\/app\/","og_site_name":"Coldbet App CM","article_modified_time":"2026-01-20T08:44:45+00:00","twitter_card":"summary_large_image","schema":{"@context":"https:\/\/schema.org","@graph":[{"@type":"WebPage","@id":"https:\/\/coldbet.app\/cm\/app\/","url":"https:\/\/coldbet.app\/cm\/app\/","name":"Application ColdBet Cameroun","isPartOf":{"@id":"https:\/\/coldbet.app\/cm\/#website"},"datePublished":"2025-09-02T14:35:34+00:00","dateModified":"2026-01-20T08:44:45+00:00","description":"T\u00e9l\u00e9chargez l'app ColdBet Cameroun et acc\u00e9dez rapidement aux paris sportifs et au casino en direct\u00a0! Interface conviviale et fonctionnement stable.","breadcrumb":{"@id":"https:\/\/coldbet.app\/cm\/app\/#breadcrumb"},"inLanguage":"en-CA","potentialAction":[{"@type":"ReadAction","target":["https:\/\/coldbet.app\/cm\/app\/"]}]},{"@type":"BreadcrumbList","@id":"https:\/\/coldbet.app\/cm\/app\/#breadcrumb","itemListElement":[{"@type":"ListItem","position":1,"name":"Page d'accueil","item":"https:\/\/coldbet.app\/cm\/"},{"@type":"ListItem","position":2,"name":"App"}]},{"@type":"WebSite","@id":"https:\/\/coldbet.app\/cm\/#website","url":"https:\/\/coldbet.app\/cm\/","name":"Coldbet App CM","description":"","potentialAction":[{"@type":"SearchAction","target":{"@type":"EntryPoint","urlTemplate":"https:\/\/coldbet.app\/cm\/?s={search_term_string}"},"query-input":{"@type":"PropertyValueSpecification","valueRequired":true,"valueName":"search_term_string"}}],"inLanguage":"en-CA"}]}},"_links":{"self":[{"href":"https:\/\/coldbet.app\/cm\/wp-json\/wp\/v2\/pages\/751","targetHints":{"allow":["GET"]}}],"collection":[{"href":"https:\/\/coldbet.app\/cm\/wp-json\/wp\/v2\/pages"}],"about":[{"href":"https:\/\/coldbet.app\/cm\/wp-json\/wp\/v2\/types\/page"}],"author":[{"embeddable":true,"href":"https:\/\/coldbet.app\/cm\/wp-json\/wp\/v2\/users\/1"}],"replies":[{"embeddable":true,"href":"https:\/\/coldbet.app\/cm\/wp-json\/wp\/v2\/comments?post=751"}],"version-history":[{"count":10,"href":"https:\/\/coldbet.app\/cm\/wp-json\/wp\/v2\/pages\/751\/revisions"}],"predecessor-version":[{"id":887,"href":"https:\/\/coldbet.app\/cm\/wp-json\/wp\/v2\/pages\/751\/revisions\/887"}],"wp:attachment":[{"href":"https:\/\/coldbet.app\/cm\/wp-json\/wp\/v2\/media?parent=751"}],"curies":[{"name":"wp","href":"https:\/\/api.w.org\/{rel}","templated":true}]}}