{"id":738,"date":"2025-09-02T17:32:00","date_gmt":"2025-09-02T14:32:00","guid":{"rendered":"https:\/\/coldbet.app\/de\/?page_id=738"},"modified":"2026-02-16T17:45:08","modified_gmt":"2026-02-16T14:45:08","slug":"apk","status":"publish","type":"page","link":"https:\/\/coldbet.app\/de\/apk\/","title":{"rendered":"APK"},"content":{"rendered":"","protected":false},"excerpt":{"rendered":"","protected":false},"author":1,"featured_media":0,"parent":0,"menu_order":0,"comment_status":"closed","ping_status":"closed","template":"","meta":{"_acf_changed":false,"footnotes":""},"class_list":["post-738","page","type-page","status-publish","hentry"],"acf":[],"yoast_head":"<!-- This site is optimized with the Yoast SEO plugin v25.5 - https:\/\/yoast.com\/wordpress\/plugins\/seo\/ -->\n<title>ColdBet APK | Bequemes Wetten und Spielen auf dem Handy<\/title>\n<meta name=\"description\" content=\"Laden Sie ColdBet APK f\u00fcr Android herunter und genie\u00dfen Sie schnelle Sportwetten und Gl\u00fccksspiele direkt von Ihrem Smartphone aus.\" \/>\n<meta name=\"robots\" content=\"index, follow, max-snippet:-1, max-image-preview:large, max-video-preview:-1\" \/>\n<meta property=\"og:locale\" content=\"de_DE\" \/>\n<meta property=\"og:type\" content=\"article\" \/>\n<meta property=\"og:title\" content=\"ColdBet APK | Bequemes Wetten und Spielen auf dem Handy\" \/>\n<meta property=\"og:description\" content=\"Laden Sie ColdBet APK f\u00fcr Android herunter und genie\u00dfen Sie schnelle Sportwetten und Gl\u00fccksspiele direkt von Ihrem Smartphone aus.\" \/>\n<meta property=\"og:url\" content=\"https:\/\/coldbet.app\/de\/apk\/\" \/>\n<meta property=\"og:site_name\" content=\"Coldbet App DE\" \/>\n<meta property=\"article:modified_time\" content=\"2026-02-16T14:45:08+00:00\" \/>\n<meta name=\"twitter:card\" content=\"summary_large_image\" \/>\n<script type=\"application\/ld+json\" class=\"yoast-schema-graph\">{\"@context\":\"https:\/\/schema.org\",\"@graph\":[{\"@type\":\"WebPage\",\"@id\":\"https:\/\/coldbet.app\/de\/apk\/\",\"url\":\"https:\/\/coldbet.app\/de\/apk\/\",\"name\":\"ColdBet APK | Bequemes Wetten und Spielen auf dem Handy\",\"isPartOf\":{\"@id\":\"https:\/\/coldbet.app\/de\/#website\"},\"datePublished\":\"2025-09-02T14:32:00+00:00\",\"dateModified\":\"2026-02-16T14:45:08+00:00\",\"description\":\"Laden Sie ColdBet APK f\u00fcr Android herunter und genie\u00dfen Sie schnelle Sportwetten und Gl\u00fccksspiele direkt von Ihrem Smartphone aus.\",\"breadcrumb\":{\"@id\":\"https:\/\/coldbet.app\/de\/apk\/#breadcrumb\"},\"inLanguage\":\"de-DE\",\"potentialAction\":[{\"@type\":\"ReadAction\",\"target\":[\"https:\/\/coldbet.app\/de\/apk\/\"]}]},{\"@type\":\"BreadcrumbList\",\"@id\":\"https:\/\/coldbet.app\/de\/apk\/#breadcrumb\",\"itemListElement\":[{\"@type\":\"ListItem\",\"position\":1,\"name\":\"Home\",\"item\":\"https:\/\/coldbet.app\/de\/\"},{\"@type\":\"ListItem\",\"position\":2,\"name\":\"APK\"}]},{\"@type\":\"WebSite\",\"@id\":\"https:\/\/coldbet.app\/de\/#website\",\"url\":\"https:\/\/coldbet.app\/de\/\",\"name\":\"Coldbet App DE\",\"description\":\"\",\"potentialAction\":[{\"@type\":\"SearchAction\",\"target\":{\"@type\":\"EntryPoint\",\"urlTemplate\":\"https:\/\/coldbet.app\/de\/?s={search_term_string}\"},\"query-input\":{\"@type\":\"PropertyValueSpecification\",\"valueRequired\":true,\"valueName\":\"search_term_string\"}}],\"inLanguage\":\"de-DE\"}]}<\/script>\n<!-- \/ Yoast SEO plugin. -->","yoast_head_json":{"title":"ColdBet APK | Bequemes Wetten und Spielen auf dem Handy","description":"Laden Sie ColdBet APK f\u00fcr Android herunter und genie\u00dfen Sie schnelle Sportwetten und Gl\u00fccksspiele direkt von Ihrem Smartphone aus.","robots":{"index":"index","follow":"follow","max-snippet":"max-snippet:-1","max-image-preview":"max-image-preview:large","max-video-preview":"max-video-preview:-1"},"og_locale":"de_DE","og_type":"article","og_title":"ColdBet APK | Bequemes Wetten und Spielen auf dem Handy","og_description":"Laden Sie ColdBet APK f\u00fcr Android herunter und genie\u00dfen Sie schnelle Sportwetten und Gl\u00fccksspiele direkt von Ihrem Smartphone aus.","og_url":"https:\/\/coldbet.app\/de\/apk\/","og_site_name":"Coldbet App DE","article_modified_time":"2026-02-16T14:45:08+00:00","twitter_card":"summary_large_image","schema":{"@context":"https:\/\/schema.org","@graph":[{"@type":"WebPage","@id":"https:\/\/coldbet.app\/de\/apk\/","url":"https:\/\/coldbet.app\/de\/apk\/","name":"ColdBet APK | Bequemes Wetten und Spielen auf dem Handy","isPartOf":{"@id":"https:\/\/coldbet.app\/de\/#website"},"datePublished":"2025-09-02T14:32:00+00:00","dateModified":"2026-02-16T14:45:08+00:00","description":"Laden Sie ColdBet APK f\u00fcr Android herunter und genie\u00dfen Sie schnelle Sportwetten und Gl\u00fccksspiele direkt von Ihrem Smartphone aus.","breadcrumb":{"@id":"https:\/\/coldbet.app\/de\/apk\/#breadcrumb"},"inLanguage":"de-DE","potentialAction":[{"@type":"ReadAction","target":["https:\/\/coldbet.app\/de\/apk\/"]}]},{"@type":"BreadcrumbList","@id":"https:\/\/coldbet.app\/de\/apk\/#breadcrumb","itemListElement":[{"@type":"ListItem","position":1,"name":"Home","item":"https:\/\/coldbet.app\/de\/"},{"@type":"ListItem","position":2,"name":"APK"}]},{"@type":"WebSite","@id":"https:\/\/coldbet.app\/de\/#website","url":"https:\/\/coldbet.app\/de\/","name":"Coldbet App DE","description":"","potentialAction":[{"@type":"SearchAction","target":{"@type":"EntryPoint","urlTemplate":"https:\/\/coldbet.app\/de\/?s={search_term_string}"},"query-input":{"@type":"PropertyValueSpecification","valueRequired":true,"valueName":"search_term_string"}}],"inLanguage":"de-DE"}]}},"_links":{"self":[{"href":"https:\/\/coldbet.app\/de\/wp-json\/wp\/v2\/pages\/738","targetHints":{"allow":["GET"]}}],"collection":[{"href":"https:\/\/coldbet.app\/de\/wp-json\/wp\/v2\/pages"}],"about":[{"href":"https:\/\/coldbet.app\/de\/wp-json\/wp\/v2\/types\/page"}],"author":[{"embeddable":true,"href":"https:\/\/coldbet.app\/de\/wp-json\/wp\/v2\/users\/1"}],"replies":[{"embeddable":true,"href":"https:\/\/coldbet.app\/de\/wp-json\/wp\/v2\/comments?post=738"}],"version-history":[{"count":13,"href":"https:\/\/coldbet.app\/de\/wp-json\/wp\/v2\/pages\/738\/revisions"}],"predecessor-version":[{"id":935,"href":"https:\/\/coldbet.app\/de\/wp-json\/wp\/v2\/pages\/738\/revisions\/935"}],"wp:attachment":[{"href":"https:\/\/coldbet.app\/de\/wp-json\/wp\/v2\/media?parent=738"}],"curies":[{"name":"wp","href":"https:\/\/api.w.org\/{rel}","templated":true}]}}