{"id":745,"date":"2025-09-02T17:35:49","date_gmt":"2025-09-02T14:35:49","guid":{"rendered":"https:\/\/coldbet.app\/fr\/?page_id=745"},"modified":"2025-09-09T14:35:55","modified_gmt":"2025-09-09T11:35:55","slug":"login","status":"publish","type":"page","link":"https:\/\/coldbet.app\/fr\/login\/","title":{"rendered":"Se connecter"},"content":{"rendered":"","protected":false},"excerpt":{"rendered":"","protected":false},"author":1,"featured_media":0,"parent":0,"menu_order":0,"comment_status":"closed","ping_status":"closed","template":"","meta":{"_acf_changed":false,"footnotes":""},"class_list":["post-745","page","type-page","status-publish","hentry"],"acf":[],"yoast_head":"<!-- This site is optimized with the Yoast SEO plugin v25.5 - https:\/\/yoast.com\/wordpress\/plugins\/seo\/ -->\n<title>Connexion ColdBet \ud83e\udc12 Comment commencer \u00e0 jouer rapidement<\/title>\n<meta name=\"description\" content=\"Apprenez \u00e0 vous connecter \u00e0 ColdBet depuis votre ordinateur et votre app. Instructions \u00e9tape par \u00e9tape, conseils et r\u00e9solution des probl\u00e8mes.\" \/>\n<meta name=\"robots\" content=\"index, follow, max-snippet:-1, max-image-preview:large, max-video-preview:-1\" \/>\n<meta property=\"og:locale\" content=\"fr_FR\" \/>\n<meta property=\"og:type\" content=\"article\" \/>\n<meta property=\"og:title\" content=\"Connexion ColdBet \ud83e\udc12 Comment commencer \u00e0 jouer rapidement\" \/>\n<meta property=\"og:description\" content=\"Apprenez \u00e0 vous connecter \u00e0 ColdBet depuis votre ordinateur et votre app. Instructions \u00e9tape par \u00e9tape, conseils et r\u00e9solution des probl\u00e8mes.\" \/>\n<meta property=\"og:url\" content=\"https:\/\/coldbet.app\/fr\/login\/\" \/>\n<meta property=\"og:site_name\" content=\"Cyan-marten FR\" \/>\n<meta property=\"article:modified_time\" content=\"2025-09-09T11:35:55+00:00\" \/>\n<meta name=\"twitter:card\" content=\"summary_large_image\" \/>\n<script type=\"application\/ld+json\" class=\"yoast-schema-graph\">{\"@context\":\"https:\/\/schema.org\",\"@graph\":[{\"@type\":\"WebPage\",\"@id\":\"https:\/\/coldbet.app\/fr\/login\/\",\"url\":\"https:\/\/coldbet.app\/fr\/login\/\",\"name\":\"Connexion ColdBet \ud83e\udc12 Comment commencer \u00e0 jouer rapidement\",\"isPartOf\":{\"@id\":\"https:\/\/coldbet.app\/fr\/#website\"},\"datePublished\":\"2025-09-02T14:35:49+00:00\",\"dateModified\":\"2025-09-09T11:35:55+00:00\",\"description\":\"Apprenez \u00e0 vous connecter \u00e0 ColdBet depuis votre ordinateur et votre app. Instructions \u00e9tape par \u00e9tape, conseils et r\u00e9solution des probl\u00e8mes.\",\"breadcrumb\":{\"@id\":\"https:\/\/coldbet.app\/fr\/login\/#breadcrumb\"},\"inLanguage\":\"fr-FR\",\"potentialAction\":[{\"@type\":\"ReadAction\",\"target\":[\"https:\/\/coldbet.app\/fr\/login\/\"]}]},{\"@type\":\"BreadcrumbList\",\"@id\":\"https:\/\/coldbet.app\/fr\/login\/#breadcrumb\",\"itemListElement\":[{\"@type\":\"ListItem\",\"position\":1,\"name\":\"Page d'accueil\",\"item\":\"https:\/\/coldbet.app\/fr\/\"},{\"@type\":\"ListItem\",\"position\":2,\"name\":\"Se connecter\"}]},{\"@type\":\"WebSite\",\"@id\":\"https:\/\/coldbet.app\/fr\/#website\",\"url\":\"https:\/\/coldbet.app\/fr\/\",\"name\":\"Cyan-marten FR\",\"description\":\"\",\"potentialAction\":[{\"@type\":\"SearchAction\",\"target\":{\"@type\":\"EntryPoint\",\"urlTemplate\":\"https:\/\/coldbet.app\/fr\/?s={search_term_string}\"},\"query-input\":{\"@type\":\"PropertyValueSpecification\",\"valueRequired\":true,\"valueName\":\"search_term_string\"}}],\"inLanguage\":\"fr-FR\"}]}<\/script>\n<!-- \/ Yoast SEO plugin. -->","yoast_head_json":{"title":"Connexion ColdBet \ud83e\udc12 Comment commencer \u00e0 jouer rapidement","description":"Apprenez \u00e0 vous connecter \u00e0 ColdBet depuis votre ordinateur et votre app. Instructions \u00e9tape par \u00e9tape, conseils et r\u00e9solution des probl\u00e8mes.","robots":{"index":"index","follow":"follow","max-snippet":"max-snippet:-1","max-image-preview":"max-image-preview:large","max-video-preview":"max-video-preview:-1"},"og_locale":"fr_FR","og_type":"article","og_title":"Connexion ColdBet \ud83e\udc12 Comment commencer \u00e0 jouer rapidement","og_description":"Apprenez \u00e0 vous connecter \u00e0 ColdBet depuis votre ordinateur et votre app. Instructions \u00e9tape par \u00e9tape, conseils et r\u00e9solution des probl\u00e8mes.","og_url":"https:\/\/coldbet.app\/fr\/login\/","og_site_name":"Cyan-marten FR","article_modified_time":"2025-09-09T11:35:55+00:00","twitter_card":"summary_large_image","schema":{"@context":"https:\/\/schema.org","@graph":[{"@type":"WebPage","@id":"https:\/\/coldbet.app\/fr\/login\/","url":"https:\/\/coldbet.app\/fr\/login\/","name":"Connexion ColdBet \ud83e\udc12 Comment commencer \u00e0 jouer rapidement","isPartOf":{"@id":"https:\/\/coldbet.app\/fr\/#website"},"datePublished":"2025-09-02T14:35:49+00:00","dateModified":"2025-09-09T11:35:55+00:00","description":"Apprenez \u00e0 vous connecter \u00e0 ColdBet depuis votre ordinateur et votre app. Instructions \u00e9tape par \u00e9tape, conseils et r\u00e9solution des probl\u00e8mes.","breadcrumb":{"@id":"https:\/\/coldbet.app\/fr\/login\/#breadcrumb"},"inLanguage":"fr-FR","potentialAction":[{"@type":"ReadAction","target":["https:\/\/coldbet.app\/fr\/login\/"]}]},{"@type":"BreadcrumbList","@id":"https:\/\/coldbet.app\/fr\/login\/#breadcrumb","itemListElement":[{"@type":"ListItem","position":1,"name":"Page d'accueil","item":"https:\/\/coldbet.app\/fr\/"},{"@type":"ListItem","position":2,"name":"Se connecter"}]},{"@type":"WebSite","@id":"https:\/\/coldbet.app\/fr\/#website","url":"https:\/\/coldbet.app\/fr\/","name":"Cyan-marten FR","description":"","potentialAction":[{"@type":"SearchAction","target":{"@type":"EntryPoint","urlTemplate":"https:\/\/coldbet.app\/fr\/?s={search_term_string}"},"query-input":{"@type":"PropertyValueSpecification","valueRequired":true,"valueName":"search_term_string"}}],"inLanguage":"fr-FR"}]}},"_links":{"self":[{"href":"https:\/\/coldbet.app\/fr\/wp-json\/wp\/v2\/pages\/745","targetHints":{"allow":["GET"]}}],"collection":[{"href":"https:\/\/coldbet.app\/fr\/wp-json\/wp\/v2\/pages"}],"about":[{"href":"https:\/\/coldbet.app\/fr\/wp-json\/wp\/v2\/types\/page"}],"author":[{"embeddable":true,"href":"https:\/\/coldbet.app\/fr\/wp-json\/wp\/v2\/users\/1"}],"replies":[{"embeddable":true,"href":"https:\/\/coldbet.app\/fr\/wp-json\/wp\/v2\/comments?post=745"}],"version-history":[{"count":5,"href":"https:\/\/coldbet.app\/fr\/wp-json\/wp\/v2\/pages\/745\/revisions"}],"predecessor-version":[{"id":840,"href":"https:\/\/coldbet.app\/fr\/wp-json\/wp\/v2\/pages\/745\/revisions\/840"}],"wp:attachment":[{"href":"https:\/\/coldbet.app\/fr\/wp-json\/wp\/v2\/media?parent=745"}],"curies":[{"name":"wp","href":"https:\/\/api.w.org\/{rel}","templated":true}]}}