{"id":745,"date":"2025-09-02T17:35:49","date_gmt":"2025-09-02T14:35:49","guid":{"rendered":"https:\/\/coldbet.app\/pl\/?page_id=745"},"modified":"2026-02-06T16:22:03","modified_gmt":"2026-02-06T13:22:03","slug":"login","status":"publish","type":"page","link":"https:\/\/coldbet.app\/pl\/login\/","title":{"rendered":"Logowanie"},"content":{"rendered":"","protected":false},"excerpt":{"rendered":"","protected":false},"author":1,"featured_media":0,"parent":0,"menu_order":0,"comment_status":"closed","ping_status":"closed","template":"","meta":{"_acf_changed":false,"footnotes":""},"class_list":["post-745","page","type-page","status-publish","hentry"],"acf":[],"yoast_head":"<!-- This site is optimized with the Yoast SEO plugin v25.5 - https:\/\/yoast.com\/wordpress\/plugins\/seo\/ -->\n<title>ColdBet Login \ud83e\udc12 Jak szybko zacz\u0105\u0107 gra\u0107 i otrzyma\u0107 bonusy<\/title>\n<meta name=\"description\" content=\"Dowiedz si\u0119, jak zalogowa\u0107 si\u0119 do ColdBet z komputera i aplikacji mobilnej. Uzyskaj wskaz\u00f3wki dotycz\u0105ce rozwi\u0105zywania problem\u00f3w z logowaniem.\" \/>\n<meta name=\"robots\" content=\"index, follow, max-snippet:-1, max-image-preview:large, max-video-preview:-1\" \/>\n<meta property=\"og:locale\" content=\"pl_PL\" \/>\n<meta property=\"og:type\" content=\"article\" \/>\n<meta property=\"og:title\" content=\"ColdBet Login \ud83e\udc12 Jak szybko zacz\u0105\u0107 gra\u0107 i otrzyma\u0107 bonusy\" \/>\n<meta property=\"og:description\" content=\"Dowiedz si\u0119, jak zalogowa\u0107 si\u0119 do ColdBet z komputera i aplikacji mobilnej. Uzyskaj wskaz\u00f3wki dotycz\u0105ce rozwi\u0105zywania problem\u00f3w z logowaniem.\" \/>\n<meta property=\"og:url\" content=\"https:\/\/coldbet.app\/pl\/login\/\" \/>\n<meta property=\"og:site_name\" content=\"Coldbet App PL\" \/>\n<meta property=\"article:modified_time\" content=\"2026-02-06T13:22:03+00:00\" \/>\n<meta name=\"twitter:card\" content=\"summary_large_image\" \/>\n<script type=\"application\/ld+json\" class=\"yoast-schema-graph\">{\"@context\":\"https:\/\/schema.org\",\"@graph\":[{\"@type\":\"WebPage\",\"@id\":\"https:\/\/coldbet.app\/pl\/login\/\",\"url\":\"https:\/\/coldbet.app\/pl\/login\/\",\"name\":\"ColdBet Login \ud83e\udc12 Jak szybko zacz\u0105\u0107 gra\u0107 i otrzyma\u0107 bonusy\",\"isPartOf\":{\"@id\":\"https:\/\/coldbet.app\/pl\/#website\"},\"datePublished\":\"2025-09-02T14:35:49+00:00\",\"dateModified\":\"2026-02-06T13:22:03+00:00\",\"description\":\"Dowiedz si\u0119, jak zalogowa\u0107 si\u0119 do ColdBet z komputera i aplikacji mobilnej. Uzyskaj wskaz\u00f3wki dotycz\u0105ce rozwi\u0105zywania problem\u00f3w z logowaniem.\",\"breadcrumb\":{\"@id\":\"https:\/\/coldbet.app\/pl\/login\/#breadcrumb\"},\"inLanguage\":\"pl-PL\",\"potentialAction\":[{\"@type\":\"ReadAction\",\"target\":[\"https:\/\/coldbet.app\/pl\/login\/\"]}]},{\"@type\":\"BreadcrumbList\",\"@id\":\"https:\/\/coldbet.app\/pl\/login\/#breadcrumb\",\"itemListElement\":[{\"@type\":\"ListItem\",\"position\":1,\"name\":\"Home\",\"item\":\"https:\/\/coldbet.app\/pl\/\"},{\"@type\":\"ListItem\",\"position\":2,\"name\":\"Logowanie\"}]},{\"@type\":\"WebSite\",\"@id\":\"https:\/\/coldbet.app\/pl\/#website\",\"url\":\"https:\/\/coldbet.app\/pl\/\",\"name\":\"Coldbet App PL\",\"description\":\"\",\"potentialAction\":[{\"@type\":\"SearchAction\",\"target\":{\"@type\":\"EntryPoint\",\"urlTemplate\":\"https:\/\/coldbet.app\/pl\/?s={search_term_string}\"},\"query-input\":{\"@type\":\"PropertyValueSpecification\",\"valueRequired\":true,\"valueName\":\"search_term_string\"}}],\"inLanguage\":\"pl-PL\"}]}<\/script>\n<!-- \/ Yoast SEO plugin. -->","yoast_head_json":{"title":"ColdBet Login \ud83e\udc12 Jak szybko zacz\u0105\u0107 gra\u0107 i otrzyma\u0107 bonusy","description":"Dowiedz si\u0119, jak zalogowa\u0107 si\u0119 do ColdBet z komputera i aplikacji mobilnej. Uzyskaj wskaz\u00f3wki dotycz\u0105ce rozwi\u0105zywania problem\u00f3w z logowaniem.","robots":{"index":"index","follow":"follow","max-snippet":"max-snippet:-1","max-image-preview":"max-image-preview:large","max-video-preview":"max-video-preview:-1"},"og_locale":"pl_PL","og_type":"article","og_title":"ColdBet Login \ud83e\udc12 Jak szybko zacz\u0105\u0107 gra\u0107 i otrzyma\u0107 bonusy","og_description":"Dowiedz si\u0119, jak zalogowa\u0107 si\u0119 do ColdBet z komputera i aplikacji mobilnej. Uzyskaj wskaz\u00f3wki dotycz\u0105ce rozwi\u0105zywania problem\u00f3w z logowaniem.","og_url":"https:\/\/coldbet.app\/pl\/login\/","og_site_name":"Coldbet App PL","article_modified_time":"2026-02-06T13:22:03+00:00","twitter_card":"summary_large_image","schema":{"@context":"https:\/\/schema.org","@graph":[{"@type":"WebPage","@id":"https:\/\/coldbet.app\/pl\/login\/","url":"https:\/\/coldbet.app\/pl\/login\/","name":"ColdBet Login \ud83e\udc12 Jak szybko zacz\u0105\u0107 gra\u0107 i otrzyma\u0107 bonusy","isPartOf":{"@id":"https:\/\/coldbet.app\/pl\/#website"},"datePublished":"2025-09-02T14:35:49+00:00","dateModified":"2026-02-06T13:22:03+00:00","description":"Dowiedz si\u0119, jak zalogowa\u0107 si\u0119 do ColdBet z komputera i aplikacji mobilnej. Uzyskaj wskaz\u00f3wki dotycz\u0105ce rozwi\u0105zywania problem\u00f3w z logowaniem.","breadcrumb":{"@id":"https:\/\/coldbet.app\/pl\/login\/#breadcrumb"},"inLanguage":"pl-PL","potentialAction":[{"@type":"ReadAction","target":["https:\/\/coldbet.app\/pl\/login\/"]}]},{"@type":"BreadcrumbList","@id":"https:\/\/coldbet.app\/pl\/login\/#breadcrumb","itemListElement":[{"@type":"ListItem","position":1,"name":"Home","item":"https:\/\/coldbet.app\/pl\/"},{"@type":"ListItem","position":2,"name":"Logowanie"}]},{"@type":"WebSite","@id":"https:\/\/coldbet.app\/pl\/#website","url":"https:\/\/coldbet.app\/pl\/","name":"Coldbet App PL","description":"","potentialAction":[{"@type":"SearchAction","target":{"@type":"EntryPoint","urlTemplate":"https:\/\/coldbet.app\/pl\/?s={search_term_string}"},"query-input":{"@type":"PropertyValueSpecification","valueRequired":true,"valueName":"search_term_string"}}],"inLanguage":"pl-PL"}]}},"_links":{"self":[{"href":"https:\/\/coldbet.app\/pl\/wp-json\/wp\/v2\/pages\/745","targetHints":{"allow":["GET"]}}],"collection":[{"href":"https:\/\/coldbet.app\/pl\/wp-json\/wp\/v2\/pages"}],"about":[{"href":"https:\/\/coldbet.app\/pl\/wp-json\/wp\/v2\/types\/page"}],"author":[{"embeddable":true,"href":"https:\/\/coldbet.app\/pl\/wp-json\/wp\/v2\/users\/1"}],"replies":[{"embeddable":true,"href":"https:\/\/coldbet.app\/pl\/wp-json\/wp\/v2\/comments?post=745"}],"version-history":[{"count":11,"href":"https:\/\/coldbet.app\/pl\/wp-json\/wp\/v2\/pages\/745\/revisions"}],"predecessor-version":[{"id":994,"href":"https:\/\/coldbet.app\/pl\/wp-json\/wp\/v2\/pages\/745\/revisions\/994"}],"wp:attachment":[{"href":"https:\/\/coldbet.app\/pl\/wp-json\/wp\/v2\/media?parent=745"}],"curies":[{"name":"wp","href":"https:\/\/api.w.org\/{rel}","templated":true}]}}