{"id":753,"date":"2025-09-02T17:35:45","date_gmt":"2025-09-02T14:35:45","guid":{"rendered":"https:\/\/coldbet.app\/pl\/?page_id=753"},"modified":"2026-02-06T12:33:35","modified_gmt":"2026-02-06T09:33:35","slug":"ios","status":"publish","type":"page","link":"https:\/\/coldbet.app\/pl\/ios\/","title":{"rendered":"iOS"},"content":{"rendered":"","protected":false},"excerpt":{"rendered":"","protected":false},"author":1,"featured_media":0,"parent":0,"menu_order":0,"comment_status":"closed","ping_status":"closed","template":"","meta":{"_acf_changed":false,"footnotes":""},"class_list":["post-753","page","type-page","status-publish","hentry"],"acf":[],"yoast_head":"<!-- This site is optimized with the Yoast SEO plugin v25.5 - https:\/\/yoast.com\/wordpress\/plugins\/seo\/ -->\n<title>ColdBet iOS &gt; Jak korzysta\u0107 z aplikacji na iPhonie<\/title>\n<meta name=\"description\" content=\"ColdBet iOS pomo\u017ce Ci uzyska\u0107 dost\u0119p do zak\u0142ad\u00f3w i kasyn bezpo\u015brednio z telefonu bez konieczno\u015bci korzystania z App Store.\" \/>\n<meta name=\"robots\" content=\"index, follow, max-snippet:-1, max-image-preview:large, max-video-preview:-1\" \/>\n<meta property=\"og:locale\" content=\"pl_PL\" \/>\n<meta property=\"og:type\" content=\"article\" \/>\n<meta property=\"og:title\" content=\"ColdBet iOS &gt; Jak korzysta\u0107 z aplikacji na iPhonie\" \/>\n<meta property=\"og:description\" content=\"ColdBet iOS pomo\u017ce Ci uzyska\u0107 dost\u0119p do zak\u0142ad\u00f3w i kasyn bezpo\u015brednio z telefonu bez konieczno\u015bci korzystania z App Store.\" \/>\n<meta property=\"og:url\" content=\"https:\/\/coldbet.app\/pl\/ios\/\" \/>\n<meta property=\"og:site_name\" content=\"Coldbet App PL\" \/>\n<meta property=\"article:modified_time\" content=\"2026-02-06T09:33:35+00:00\" \/>\n<meta name=\"twitter:card\" content=\"summary_large_image\" \/>\n<script type=\"application\/ld+json\" class=\"yoast-schema-graph\">{\"@context\":\"https:\/\/schema.org\",\"@graph\":[{\"@type\":\"WebPage\",\"@id\":\"https:\/\/coldbet.app\/pl\/ios\/\",\"url\":\"https:\/\/coldbet.app\/pl\/ios\/\",\"name\":\"ColdBet iOS > Jak korzysta\u0107 z aplikacji na iPhonie\",\"isPartOf\":{\"@id\":\"https:\/\/coldbet.app\/pl\/#website\"},\"datePublished\":\"2025-09-02T14:35:45+00:00\",\"dateModified\":\"2026-02-06T09:33:35+00:00\",\"description\":\"ColdBet iOS pomo\u017ce Ci uzyska\u0107 dost\u0119p do zak\u0142ad\u00f3w i kasyn bezpo\u015brednio z telefonu bez konieczno\u015bci korzystania z App Store.\",\"breadcrumb\":{\"@id\":\"https:\/\/coldbet.app\/pl\/ios\/#breadcrumb\"},\"inLanguage\":\"pl-PL\",\"potentialAction\":[{\"@type\":\"ReadAction\",\"target\":[\"https:\/\/coldbet.app\/pl\/ios\/\"]}]},{\"@type\":\"BreadcrumbList\",\"@id\":\"https:\/\/coldbet.app\/pl\/ios\/#breadcrumb\",\"itemListElement\":[{\"@type\":\"ListItem\",\"position\":1,\"name\":\"Home\",\"item\":\"https:\/\/coldbet.app\/pl\/\"},{\"@type\":\"ListItem\",\"position\":2,\"name\":\"iOS\"}]},{\"@type\":\"WebSite\",\"@id\":\"https:\/\/coldbet.app\/pl\/#website\",\"url\":\"https:\/\/coldbet.app\/pl\/\",\"name\":\"Coldbet App PL\",\"description\":\"\",\"potentialAction\":[{\"@type\":\"SearchAction\",\"target\":{\"@type\":\"EntryPoint\",\"urlTemplate\":\"https:\/\/coldbet.app\/pl\/?s={search_term_string}\"},\"query-input\":{\"@type\":\"PropertyValueSpecification\",\"valueRequired\":true,\"valueName\":\"search_term_string\"}}],\"inLanguage\":\"pl-PL\"}]}<\/script>\n<!-- \/ Yoast SEO plugin. -->","yoast_head_json":{"title":"ColdBet iOS > Jak korzysta\u0107 z aplikacji na iPhonie","description":"ColdBet iOS pomo\u017ce Ci uzyska\u0107 dost\u0119p do zak\u0142ad\u00f3w i kasyn bezpo\u015brednio z telefonu bez konieczno\u015bci korzystania z App Store.","robots":{"index":"index","follow":"follow","max-snippet":"max-snippet:-1","max-image-preview":"max-image-preview:large","max-video-preview":"max-video-preview:-1"},"og_locale":"pl_PL","og_type":"article","og_title":"ColdBet iOS > Jak korzysta\u0107 z aplikacji na iPhonie","og_description":"ColdBet iOS pomo\u017ce Ci uzyska\u0107 dost\u0119p do zak\u0142ad\u00f3w i kasyn bezpo\u015brednio z telefonu bez konieczno\u015bci korzystania z App Store.","og_url":"https:\/\/coldbet.app\/pl\/ios\/","og_site_name":"Coldbet App PL","article_modified_time":"2026-02-06T09:33:35+00:00","twitter_card":"summary_large_image","schema":{"@context":"https:\/\/schema.org","@graph":[{"@type":"WebPage","@id":"https:\/\/coldbet.app\/pl\/ios\/","url":"https:\/\/coldbet.app\/pl\/ios\/","name":"ColdBet iOS > Jak korzysta\u0107 z aplikacji na iPhonie","isPartOf":{"@id":"https:\/\/coldbet.app\/pl\/#website"},"datePublished":"2025-09-02T14:35:45+00:00","dateModified":"2026-02-06T09:33:35+00:00","description":"ColdBet iOS pomo\u017ce Ci uzyska\u0107 dost\u0119p do zak\u0142ad\u00f3w i kasyn bezpo\u015brednio z telefonu bez konieczno\u015bci korzystania z App Store.","breadcrumb":{"@id":"https:\/\/coldbet.app\/pl\/ios\/#breadcrumb"},"inLanguage":"pl-PL","potentialAction":[{"@type":"ReadAction","target":["https:\/\/coldbet.app\/pl\/ios\/"]}]},{"@type":"BreadcrumbList","@id":"https:\/\/coldbet.app\/pl\/ios\/#breadcrumb","itemListElement":[{"@type":"ListItem","position":1,"name":"Home","item":"https:\/\/coldbet.app\/pl\/"},{"@type":"ListItem","position":2,"name":"iOS"}]},{"@type":"WebSite","@id":"https:\/\/coldbet.app\/pl\/#website","url":"https:\/\/coldbet.app\/pl\/","name":"Coldbet App PL","description":"","potentialAction":[{"@type":"SearchAction","target":{"@type":"EntryPoint","urlTemplate":"https:\/\/coldbet.app\/pl\/?s={search_term_string}"},"query-input":{"@type":"PropertyValueSpecification","valueRequired":true,"valueName":"search_term_string"}}],"inLanguage":"pl-PL"}]}},"_links":{"self":[{"href":"https:\/\/coldbet.app\/pl\/wp-json\/wp\/v2\/pages\/753","targetHints":{"allow":["GET"]}}],"collection":[{"href":"https:\/\/coldbet.app\/pl\/wp-json\/wp\/v2\/pages"}],"about":[{"href":"https:\/\/coldbet.app\/pl\/wp-json\/wp\/v2\/types\/page"}],"author":[{"embeddable":true,"href":"https:\/\/coldbet.app\/pl\/wp-json\/wp\/v2\/users\/1"}],"replies":[{"embeddable":true,"href":"https:\/\/coldbet.app\/pl\/wp-json\/wp\/v2\/comments?post=753"}],"version-history":[{"count":8,"href":"https:\/\/coldbet.app\/pl\/wp-json\/wp\/v2\/pages\/753\/revisions"}],"predecessor-version":[{"id":949,"href":"https:\/\/coldbet.app\/pl\/wp-json\/wp\/v2\/pages\/753\/revisions\/949"}],"wp:attachment":[{"href":"https:\/\/coldbet.app\/pl\/wp-json\/wp\/v2\/media?parent=753"}],"curies":[{"name":"wp","href":"https:\/\/api.w.org\/{rel}","templated":true}]}}