{"id":861,"date":"2025-10-09T19:34:42","date_gmt":"2025-10-09T16:34:42","guid":{"rendered":"https:\/\/coldbet.app\/pl\/?page_id=861"},"modified":"2026-02-06T14:24:34","modified_gmt":"2026-02-06T11:24:34","slug":"welcome-package","status":"publish","type":"page","link":"https:\/\/coldbet.app\/pl\/bonuses\/welcome-package\/","title":{"rendered":"ColdBet Welcome Package \ud83c\udf81"},"content":{"rendered":"","protected":false},"excerpt":{"rendered":"","protected":false},"author":1,"featured_media":0,"parent":838,"menu_order":0,"comment_status":"closed","ping_status":"closed","template":"","meta":{"_acf_changed":false,"footnotes":""},"class_list":["post-861","page","type-page","status-publish","hentry"],"acf":[],"yoast_head":"<!-- This site is optimized with the Yoast SEO plugin v25.5 - https:\/\/yoast.com\/wordpress\/plugins\/seo\/ -->\n<title>ColdBet Casino | Pakiet powitalny dla nowych graczy<\/title>\n<meta name=\"description\" content=\"Zdob\u0105d\u017a do 5400 PLN i 150 DS przy pierwszych czterech wp\u0142atach w ColdBet. Skorzystaj z okazji, aby rozpocz\u0105\u0107 gr\u0119 z znaczn\u0105 przewag\u0105.\" \/>\n<meta name=\"robots\" content=\"index, follow, max-snippet:-1, max-image-preview:large, max-video-preview:-1\" \/>\n<meta property=\"og:locale\" content=\"pl_PL\" \/>\n<meta property=\"og:type\" content=\"article\" \/>\n<meta property=\"og:title\" content=\"ColdBet Casino | Pakiet powitalny dla nowych graczy\" \/>\n<meta property=\"og:description\" content=\"Zdob\u0105d\u017a do 5400 PLN i 150 DS przy pierwszych czterech wp\u0142atach w ColdBet. Skorzystaj z okazji, aby rozpocz\u0105\u0107 gr\u0119 z znaczn\u0105 przewag\u0105.\" \/>\n<meta property=\"og:url\" content=\"https:\/\/coldbet.app\/pl\/bonuses\/welcome-package\/\" \/>\n<meta property=\"og:site_name\" content=\"Coldbet App PL\" \/>\n<meta property=\"article:modified_time\" content=\"2026-02-06T11:24:34+00:00\" \/>\n<meta name=\"twitter:card\" content=\"summary_large_image\" \/>\n<script type=\"application\/ld+json\" class=\"yoast-schema-graph\">{\"@context\":\"https:\/\/schema.org\",\"@graph\":[{\"@type\":\"WebPage\",\"@id\":\"https:\/\/coldbet.app\/pl\/bonuses\/welcome-package\/\",\"url\":\"https:\/\/coldbet.app\/pl\/bonuses\/welcome-package\/\",\"name\":\"ColdBet Casino | Pakiet powitalny dla nowych graczy\",\"isPartOf\":{\"@id\":\"https:\/\/coldbet.app\/pl\/#website\"},\"datePublished\":\"2025-10-09T16:34:42+00:00\",\"dateModified\":\"2026-02-06T11:24:34+00:00\",\"description\":\"Zdob\u0105d\u017a do 5400 PLN i 150 DS przy pierwszych czterech wp\u0142atach w ColdBet. Skorzystaj z okazji, aby rozpocz\u0105\u0107 gr\u0119 z znaczn\u0105 przewag\u0105.\",\"breadcrumb\":{\"@id\":\"https:\/\/coldbet.app\/pl\/bonuses\/welcome-package\/#breadcrumb\"},\"inLanguage\":\"pl-PL\",\"potentialAction\":[{\"@type\":\"ReadAction\",\"target\":[\"https:\/\/coldbet.app\/pl\/bonuses\/welcome-package\/\"]}]},{\"@type\":\"BreadcrumbList\",\"@id\":\"https:\/\/coldbet.app\/pl\/bonuses\/welcome-package\/#breadcrumb\",\"itemListElement\":[{\"@type\":\"ListItem\",\"position\":1,\"name\":\"Home\",\"item\":\"https:\/\/coldbet.app\/pl\/\"},{\"@type\":\"ListItem\",\"position\":2,\"name\":\"Premie\",\"item\":\"https:\/\/coldbet.app\/pl\/bonuses\/\"},{\"@type\":\"ListItem\",\"position\":3,\"name\":\"ColdBet Welcome Package \ud83c\udf81\"}]},{\"@type\":\"WebSite\",\"@id\":\"https:\/\/coldbet.app\/pl\/#website\",\"url\":\"https:\/\/coldbet.app\/pl\/\",\"name\":\"Coldbet App PL\",\"description\":\"\",\"potentialAction\":[{\"@type\":\"SearchAction\",\"target\":{\"@type\":\"EntryPoint\",\"urlTemplate\":\"https:\/\/coldbet.app\/pl\/?s={search_term_string}\"},\"query-input\":{\"@type\":\"PropertyValueSpecification\",\"valueRequired\":true,\"valueName\":\"search_term_string\"}}],\"inLanguage\":\"pl-PL\"}]}<\/script>\n<!-- \/ Yoast SEO plugin. -->","yoast_head_json":{"title":"ColdBet Casino | Pakiet powitalny dla nowych graczy","description":"Zdob\u0105d\u017a do 5400 PLN i 150 DS przy pierwszych czterech wp\u0142atach w ColdBet. Skorzystaj z okazji, aby rozpocz\u0105\u0107 gr\u0119 z znaczn\u0105 przewag\u0105.","robots":{"index":"index","follow":"follow","max-snippet":"max-snippet:-1","max-image-preview":"max-image-preview:large","max-video-preview":"max-video-preview:-1"},"og_locale":"pl_PL","og_type":"article","og_title":"ColdBet Casino | Pakiet powitalny dla nowych graczy","og_description":"Zdob\u0105d\u017a do 5400 PLN i 150 DS przy pierwszych czterech wp\u0142atach w ColdBet. Skorzystaj z okazji, aby rozpocz\u0105\u0107 gr\u0119 z znaczn\u0105 przewag\u0105.","og_url":"https:\/\/coldbet.app\/pl\/bonuses\/welcome-package\/","og_site_name":"Coldbet App PL","article_modified_time":"2026-02-06T11:24:34+00:00","twitter_card":"summary_large_image","schema":{"@context":"https:\/\/schema.org","@graph":[{"@type":"WebPage","@id":"https:\/\/coldbet.app\/pl\/bonuses\/welcome-package\/","url":"https:\/\/coldbet.app\/pl\/bonuses\/welcome-package\/","name":"ColdBet Casino | Pakiet powitalny dla nowych graczy","isPartOf":{"@id":"https:\/\/coldbet.app\/pl\/#website"},"datePublished":"2025-10-09T16:34:42+00:00","dateModified":"2026-02-06T11:24:34+00:00","description":"Zdob\u0105d\u017a do 5400 PLN i 150 DS przy pierwszych czterech wp\u0142atach w ColdBet. Skorzystaj z okazji, aby rozpocz\u0105\u0107 gr\u0119 z znaczn\u0105 przewag\u0105.","breadcrumb":{"@id":"https:\/\/coldbet.app\/pl\/bonuses\/welcome-package\/#breadcrumb"},"inLanguage":"pl-PL","potentialAction":[{"@type":"ReadAction","target":["https:\/\/coldbet.app\/pl\/bonuses\/welcome-package\/"]}]},{"@type":"BreadcrumbList","@id":"https:\/\/coldbet.app\/pl\/bonuses\/welcome-package\/#breadcrumb","itemListElement":[{"@type":"ListItem","position":1,"name":"Home","item":"https:\/\/coldbet.app\/pl\/"},{"@type":"ListItem","position":2,"name":"Premie","item":"https:\/\/coldbet.app\/pl\/bonuses\/"},{"@type":"ListItem","position":3,"name":"ColdBet Welcome Package \ud83c\udf81"}]},{"@type":"WebSite","@id":"https:\/\/coldbet.app\/pl\/#website","url":"https:\/\/coldbet.app\/pl\/","name":"Coldbet App PL","description":"","potentialAction":[{"@type":"SearchAction","target":{"@type":"EntryPoint","urlTemplate":"https:\/\/coldbet.app\/pl\/?s={search_term_string}"},"query-input":{"@type":"PropertyValueSpecification","valueRequired":true,"valueName":"search_term_string"}}],"inLanguage":"pl-PL"}]}},"_links":{"self":[{"href":"https:\/\/coldbet.app\/pl\/wp-json\/wp\/v2\/pages\/861","targetHints":{"allow":["GET"]}}],"collection":[{"href":"https:\/\/coldbet.app\/pl\/wp-json\/wp\/v2\/pages"}],"about":[{"href":"https:\/\/coldbet.app\/pl\/wp-json\/wp\/v2\/types\/page"}],"author":[{"embeddable":true,"href":"https:\/\/coldbet.app\/pl\/wp-json\/wp\/v2\/users\/1"}],"replies":[{"embeddable":true,"href":"https:\/\/coldbet.app\/pl\/wp-json\/wp\/v2\/comments?post=861"}],"version-history":[{"count":3,"href":"https:\/\/coldbet.app\/pl\/wp-json\/wp\/v2\/pages\/861\/revisions"}],"predecessor-version":[{"id":975,"href":"https:\/\/coldbet.app\/pl\/wp-json\/wp\/v2\/pages\/861\/revisions\/975"}],"up":[{"embeddable":true,"href":"https:\/\/coldbet.app\/pl\/wp-json\/wp\/v2\/pages\/838"}],"wp:attachment":[{"href":"https:\/\/coldbet.app\/pl\/wp-json\/wp\/v2\/media?parent=861"}],"curies":[{"name":"wp","href":"https:\/\/api.w.org\/{rel}","templated":true}]}}