{"id":866,"date":"2025-10-10T07:50:40","date_gmt":"2025-10-10T04:50:40","guid":{"rendered":"https:\/\/coldbet.app\/pl\/?page_id=866"},"modified":"2026-02-06T14:17:37","modified_gmt":"2026-02-06T11:17:37","slug":"telegram-subscription","status":"publish","type":"page","link":"https:\/\/coldbet.app\/pl\/bonuses\/telegram-subscription\/","title":{"rendered":"ColdBet Telegram Bonus \ud83c\udf89"},"content":{"rendered":"","protected":false},"excerpt":{"rendered":"","protected":false},"author":1,"featured_media":0,"parent":838,"menu_order":0,"comment_status":"closed","ping_status":"closed","template":"","meta":{"_acf_changed":false,"footnotes":""},"class_list":["post-866","page","type-page","status-publish","hentry"],"acf":[],"yoast_head":"<!-- This site is optimized with the Yoast SEO plugin v25.5 - https:\/\/yoast.com\/wordpress\/plugins\/seo\/ -->\n<title>ColdBet Casino | 100 darmowych spin\u00f3w za subskrypcj\u0119 Telegram<\/title>\n<meta name=\"description\" content=\"Zapisz si\u0119 do ColdBet na Telegramie i od razu zgarnij 100 DS. Ekskluzywne promocje i darmowe zak\u0142ady s\u0105 dost\u0119pne tylko dla subskrybent\u00f3w.\" \/>\n<meta name=\"robots\" content=\"index, follow, max-snippet:-1, max-image-preview:large, max-video-preview:-1\" \/>\n<meta property=\"og:locale\" content=\"pl_PL\" \/>\n<meta property=\"og:type\" content=\"article\" \/>\n<meta property=\"og:title\" content=\"ColdBet Casino | 100 darmowych spin\u00f3w za subskrypcj\u0119 Telegram\" \/>\n<meta property=\"og:description\" content=\"Zapisz si\u0119 do ColdBet na Telegramie i od razu zgarnij 100 DS. Ekskluzywne promocje i darmowe zak\u0142ady s\u0105 dost\u0119pne tylko dla subskrybent\u00f3w.\" \/>\n<meta property=\"og:url\" content=\"https:\/\/coldbet.app\/pl\/bonuses\/telegram-subscription\/\" \/>\n<meta property=\"og:site_name\" content=\"Coldbet App PL\" \/>\n<meta property=\"article:modified_time\" content=\"2026-02-06T11:17:37+00:00\" \/>\n<meta name=\"twitter:card\" content=\"summary_large_image\" \/>\n<script type=\"application\/ld+json\" class=\"yoast-schema-graph\">{\"@context\":\"https:\/\/schema.org\",\"@graph\":[{\"@type\":\"WebPage\",\"@id\":\"https:\/\/coldbet.app\/pl\/bonuses\/telegram-subscription\/\",\"url\":\"https:\/\/coldbet.app\/pl\/bonuses\/telegram-subscription\/\",\"name\":\"ColdBet Casino | 100 darmowych spin\u00f3w za subskrypcj\u0119 Telegram\",\"isPartOf\":{\"@id\":\"https:\/\/coldbet.app\/pl\/#website\"},\"datePublished\":\"2025-10-10T04:50:40+00:00\",\"dateModified\":\"2026-02-06T11:17:37+00:00\",\"description\":\"Zapisz si\u0119 do ColdBet na Telegramie i od razu zgarnij 100 DS. Ekskluzywne promocje i darmowe zak\u0142ady s\u0105 dost\u0119pne tylko dla subskrybent\u00f3w.\",\"breadcrumb\":{\"@id\":\"https:\/\/coldbet.app\/pl\/bonuses\/telegram-subscription\/#breadcrumb\"},\"inLanguage\":\"pl-PL\",\"potentialAction\":[{\"@type\":\"ReadAction\",\"target\":[\"https:\/\/coldbet.app\/pl\/bonuses\/telegram-subscription\/\"]}]},{\"@type\":\"BreadcrumbList\",\"@id\":\"https:\/\/coldbet.app\/pl\/bonuses\/telegram-subscription\/#breadcrumb\",\"itemListElement\":[{\"@type\":\"ListItem\",\"position\":1,\"name\":\"Home\",\"item\":\"https:\/\/coldbet.app\/pl\/\"},{\"@type\":\"ListItem\",\"position\":2,\"name\":\"Premie\",\"item\":\"https:\/\/coldbet.app\/pl\/bonuses\/\"},{\"@type\":\"ListItem\",\"position\":3,\"name\":\"ColdBet Telegram Bonus \ud83c\udf89\"}]},{\"@type\":\"WebSite\",\"@id\":\"https:\/\/coldbet.app\/pl\/#website\",\"url\":\"https:\/\/coldbet.app\/pl\/\",\"name\":\"Coldbet App PL\",\"description\":\"\",\"potentialAction\":[{\"@type\":\"SearchAction\",\"target\":{\"@type\":\"EntryPoint\",\"urlTemplate\":\"https:\/\/coldbet.app\/pl\/?s={search_term_string}\"},\"query-input\":{\"@type\":\"PropertyValueSpecification\",\"valueRequired\":true,\"valueName\":\"search_term_string\"}}],\"inLanguage\":\"pl-PL\"}]}<\/script>\n<!-- \/ Yoast SEO plugin. -->","yoast_head_json":{"title":"ColdBet Casino | 100 darmowych spin\u00f3w za subskrypcj\u0119 Telegram","description":"Zapisz si\u0119 do ColdBet na Telegramie i od razu zgarnij 100 DS. Ekskluzywne promocje i darmowe zak\u0142ady s\u0105 dost\u0119pne tylko dla subskrybent\u00f3w.","robots":{"index":"index","follow":"follow","max-snippet":"max-snippet:-1","max-image-preview":"max-image-preview:large","max-video-preview":"max-video-preview:-1"},"og_locale":"pl_PL","og_type":"article","og_title":"ColdBet Casino | 100 darmowych spin\u00f3w za subskrypcj\u0119 Telegram","og_description":"Zapisz si\u0119 do ColdBet na Telegramie i od razu zgarnij 100 DS. Ekskluzywne promocje i darmowe zak\u0142ady s\u0105 dost\u0119pne tylko dla subskrybent\u00f3w.","og_url":"https:\/\/coldbet.app\/pl\/bonuses\/telegram-subscription\/","og_site_name":"Coldbet App PL","article_modified_time":"2026-02-06T11:17:37+00:00","twitter_card":"summary_large_image","schema":{"@context":"https:\/\/schema.org","@graph":[{"@type":"WebPage","@id":"https:\/\/coldbet.app\/pl\/bonuses\/telegram-subscription\/","url":"https:\/\/coldbet.app\/pl\/bonuses\/telegram-subscription\/","name":"ColdBet Casino | 100 darmowych spin\u00f3w za subskrypcj\u0119 Telegram","isPartOf":{"@id":"https:\/\/coldbet.app\/pl\/#website"},"datePublished":"2025-10-10T04:50:40+00:00","dateModified":"2026-02-06T11:17:37+00:00","description":"Zapisz si\u0119 do ColdBet na Telegramie i od razu zgarnij 100 DS. Ekskluzywne promocje i darmowe zak\u0142ady s\u0105 dost\u0119pne tylko dla subskrybent\u00f3w.","breadcrumb":{"@id":"https:\/\/coldbet.app\/pl\/bonuses\/telegram-subscription\/#breadcrumb"},"inLanguage":"pl-PL","potentialAction":[{"@type":"ReadAction","target":["https:\/\/coldbet.app\/pl\/bonuses\/telegram-subscription\/"]}]},{"@type":"BreadcrumbList","@id":"https:\/\/coldbet.app\/pl\/bonuses\/telegram-subscription\/#breadcrumb","itemListElement":[{"@type":"ListItem","position":1,"name":"Home","item":"https:\/\/coldbet.app\/pl\/"},{"@type":"ListItem","position":2,"name":"Premie","item":"https:\/\/coldbet.app\/pl\/bonuses\/"},{"@type":"ListItem","position":3,"name":"ColdBet Telegram Bonus \ud83c\udf89"}]},{"@type":"WebSite","@id":"https:\/\/coldbet.app\/pl\/#website","url":"https:\/\/coldbet.app\/pl\/","name":"Coldbet App PL","description":"","potentialAction":[{"@type":"SearchAction","target":{"@type":"EntryPoint","urlTemplate":"https:\/\/coldbet.app\/pl\/?s={search_term_string}"},"query-input":{"@type":"PropertyValueSpecification","valueRequired":true,"valueName":"search_term_string"}}],"inLanguage":"pl-PL"}]}},"_links":{"self":[{"href":"https:\/\/coldbet.app\/pl\/wp-json\/wp\/v2\/pages\/866","targetHints":{"allow":["GET"]}}],"collection":[{"href":"https:\/\/coldbet.app\/pl\/wp-json\/wp\/v2\/pages"}],"about":[{"href":"https:\/\/coldbet.app\/pl\/wp-json\/wp\/v2\/types\/page"}],"author":[{"embeddable":true,"href":"https:\/\/coldbet.app\/pl\/wp-json\/wp\/v2\/users\/1"}],"replies":[{"embeddable":true,"href":"https:\/\/coldbet.app\/pl\/wp-json\/wp\/v2\/comments?post=866"}],"version-history":[{"count":5,"href":"https:\/\/coldbet.app\/pl\/wp-json\/wp\/v2\/pages\/866\/revisions"}],"predecessor-version":[{"id":974,"href":"https:\/\/coldbet.app\/pl\/wp-json\/wp\/v2\/pages\/866\/revisions\/974"}],"up":[{"embeddable":true,"href":"https:\/\/coldbet.app\/pl\/wp-json\/wp\/v2\/pages\/838"}],"wp:attachment":[{"href":"https:\/\/coldbet.app\/pl\/wp-json\/wp\/v2\/media?parent=866"}],"curies":[{"name":"wp","href":"https:\/\/api.w.org\/{rel}","templated":true}]}}