{"id":869,"date":"2025-10-10T07:59:03","date_gmt":"2025-10-10T04:59:03","guid":{"rendered":"https:\/\/coldbet.app\/pl\/?page_id=869"},"modified":"2026-02-06T13:37:16","modified_gmt":"2026-02-06T10:37:16","slug":"reload-bonus","status":"publish","type":"page","link":"https:\/\/coldbet.app\/pl\/bonuses\/reload-bonus\/","title":{"rendered":"ColdBet Casino Reload Bonus \ud83c\udfb0"},"content":{"rendered":"","protected":false},"excerpt":{"rendered":"","protected":false},"author":1,"featured_media":0,"parent":838,"menu_order":0,"comment_status":"closed","ping_status":"closed","template":"","meta":{"_acf_changed":false,"footnotes":""},"class_list":["post-869","page","type-page","status-publish","hentry"],"acf":[],"yoast_head":"<!-- This site is optimized with the Yoast SEO plugin v25.5 - https:\/\/yoast.com\/wordpress\/plugins\/seo\/ -->\n<title>ColdBet Casino | Bonus do\u0142adowuj\u0105cy w ka\u017cd\u0105 niedziel\u0119<\/title>\n<meta name=\"description\" content=\"W ka\u017cd\u0105 niedziel\u0119 w ColdBet mo\u017cesz otrzyma\u0107 100% bonus do 1300 PLN. Aktywuj promocj\u0119 i graj na dowolnym automacie z podw\u00f3jnym saldem!\" \/>\n<meta name=\"robots\" content=\"index, follow, max-snippet:-1, max-image-preview:large, max-video-preview:-1\" \/>\n<meta property=\"og:locale\" content=\"pl_PL\" \/>\n<meta property=\"og:type\" content=\"article\" \/>\n<meta property=\"og:title\" content=\"ColdBet Casino | Bonus do\u0142adowuj\u0105cy w ka\u017cd\u0105 niedziel\u0119\" \/>\n<meta property=\"og:description\" content=\"W ka\u017cd\u0105 niedziel\u0119 w ColdBet mo\u017cesz otrzyma\u0107 100% bonus do 1300 PLN. Aktywuj promocj\u0119 i graj na dowolnym automacie z podw\u00f3jnym saldem!\" \/>\n<meta property=\"og:url\" content=\"https:\/\/coldbet.app\/pl\/bonuses\/reload-bonus\/\" \/>\n<meta property=\"og:site_name\" content=\"Coldbet App PL\" \/>\n<meta property=\"article:modified_time\" content=\"2026-02-06T10:37:16+00:00\" \/>\n<meta name=\"twitter:card\" content=\"summary_large_image\" \/>\n<script type=\"application\/ld+json\" class=\"yoast-schema-graph\">{\"@context\":\"https:\/\/schema.org\",\"@graph\":[{\"@type\":\"WebPage\",\"@id\":\"https:\/\/coldbet.app\/pl\/bonuses\/reload-bonus\/\",\"url\":\"https:\/\/coldbet.app\/pl\/bonuses\/reload-bonus\/\",\"name\":\"ColdBet Casino | Bonus do\u0142adowuj\u0105cy w ka\u017cd\u0105 niedziel\u0119\",\"isPartOf\":{\"@id\":\"https:\/\/coldbet.app\/pl\/#website\"},\"datePublished\":\"2025-10-10T04:59:03+00:00\",\"dateModified\":\"2026-02-06T10:37:16+00:00\",\"description\":\"W ka\u017cd\u0105 niedziel\u0119 w ColdBet mo\u017cesz otrzyma\u0107 100% bonus do 1300 PLN. Aktywuj promocj\u0119 i graj na dowolnym automacie z podw\u00f3jnym saldem!\",\"breadcrumb\":{\"@id\":\"https:\/\/coldbet.app\/pl\/bonuses\/reload-bonus\/#breadcrumb\"},\"inLanguage\":\"pl-PL\",\"potentialAction\":[{\"@type\":\"ReadAction\",\"target\":[\"https:\/\/coldbet.app\/pl\/bonuses\/reload-bonus\/\"]}]},{\"@type\":\"BreadcrumbList\",\"@id\":\"https:\/\/coldbet.app\/pl\/bonuses\/reload-bonus\/#breadcrumb\",\"itemListElement\":[{\"@type\":\"ListItem\",\"position\":1,\"name\":\"Home\",\"item\":\"https:\/\/coldbet.app\/pl\/\"},{\"@type\":\"ListItem\",\"position\":2,\"name\":\"Premie\",\"item\":\"https:\/\/coldbet.app\/pl\/bonuses\/\"},{\"@type\":\"ListItem\",\"position\":3,\"name\":\"ColdBet Casino Reload Bonus \ud83c\udfb0\"}]},{\"@type\":\"WebSite\",\"@id\":\"https:\/\/coldbet.app\/pl\/#website\",\"url\":\"https:\/\/coldbet.app\/pl\/\",\"name\":\"Coldbet App PL\",\"description\":\"\",\"potentialAction\":[{\"@type\":\"SearchAction\",\"target\":{\"@type\":\"EntryPoint\",\"urlTemplate\":\"https:\/\/coldbet.app\/pl\/?s={search_term_string}\"},\"query-input\":{\"@type\":\"PropertyValueSpecification\",\"valueRequired\":true,\"valueName\":\"search_term_string\"}}],\"inLanguage\":\"pl-PL\"}]}<\/script>\n<!-- \/ Yoast SEO plugin. -->","yoast_head_json":{"title":"ColdBet Casino | Bonus do\u0142adowuj\u0105cy w ka\u017cd\u0105 niedziel\u0119","description":"W ka\u017cd\u0105 niedziel\u0119 w ColdBet mo\u017cesz otrzyma\u0107 100% bonus do 1300 PLN. Aktywuj promocj\u0119 i graj na dowolnym automacie z podw\u00f3jnym saldem!","robots":{"index":"index","follow":"follow","max-snippet":"max-snippet:-1","max-image-preview":"max-image-preview:large","max-video-preview":"max-video-preview:-1"},"og_locale":"pl_PL","og_type":"article","og_title":"ColdBet Casino | Bonus do\u0142adowuj\u0105cy w ka\u017cd\u0105 niedziel\u0119","og_description":"W ka\u017cd\u0105 niedziel\u0119 w ColdBet mo\u017cesz otrzyma\u0107 100% bonus do 1300 PLN. Aktywuj promocj\u0119 i graj na dowolnym automacie z podw\u00f3jnym saldem!","og_url":"https:\/\/coldbet.app\/pl\/bonuses\/reload-bonus\/","og_site_name":"Coldbet App PL","article_modified_time":"2026-02-06T10:37:16+00:00","twitter_card":"summary_large_image","schema":{"@context":"https:\/\/schema.org","@graph":[{"@type":"WebPage","@id":"https:\/\/coldbet.app\/pl\/bonuses\/reload-bonus\/","url":"https:\/\/coldbet.app\/pl\/bonuses\/reload-bonus\/","name":"ColdBet Casino | Bonus do\u0142adowuj\u0105cy w ka\u017cd\u0105 niedziel\u0119","isPartOf":{"@id":"https:\/\/coldbet.app\/pl\/#website"},"datePublished":"2025-10-10T04:59:03+00:00","dateModified":"2026-02-06T10:37:16+00:00","description":"W ka\u017cd\u0105 niedziel\u0119 w ColdBet mo\u017cesz otrzyma\u0107 100% bonus do 1300 PLN. Aktywuj promocj\u0119 i graj na dowolnym automacie z podw\u00f3jnym saldem!","breadcrumb":{"@id":"https:\/\/coldbet.app\/pl\/bonuses\/reload-bonus\/#breadcrumb"},"inLanguage":"pl-PL","potentialAction":[{"@type":"ReadAction","target":["https:\/\/coldbet.app\/pl\/bonuses\/reload-bonus\/"]}]},{"@type":"BreadcrumbList","@id":"https:\/\/coldbet.app\/pl\/bonuses\/reload-bonus\/#breadcrumb","itemListElement":[{"@type":"ListItem","position":1,"name":"Home","item":"https:\/\/coldbet.app\/pl\/"},{"@type":"ListItem","position":2,"name":"Premie","item":"https:\/\/coldbet.app\/pl\/bonuses\/"},{"@type":"ListItem","position":3,"name":"ColdBet Casino Reload Bonus \ud83c\udfb0"}]},{"@type":"WebSite","@id":"https:\/\/coldbet.app\/pl\/#website","url":"https:\/\/coldbet.app\/pl\/","name":"Coldbet App PL","description":"","potentialAction":[{"@type":"SearchAction","target":{"@type":"EntryPoint","urlTemplate":"https:\/\/coldbet.app\/pl\/?s={search_term_string}"},"query-input":{"@type":"PropertyValueSpecification","valueRequired":true,"valueName":"search_term_string"}}],"inLanguage":"pl-PL"}]}},"_links":{"self":[{"href":"https:\/\/coldbet.app\/pl\/wp-json\/wp\/v2\/pages\/869","targetHints":{"allow":["GET"]}}],"collection":[{"href":"https:\/\/coldbet.app\/pl\/wp-json\/wp\/v2\/pages"}],"about":[{"href":"https:\/\/coldbet.app\/pl\/wp-json\/wp\/v2\/types\/page"}],"author":[{"embeddable":true,"href":"https:\/\/coldbet.app\/pl\/wp-json\/wp\/v2\/users\/1"}],"replies":[{"embeddable":true,"href":"https:\/\/coldbet.app\/pl\/wp-json\/wp\/v2\/comments?post=869"}],"version-history":[{"count":2,"href":"https:\/\/coldbet.app\/pl\/wp-json\/wp\/v2\/pages\/869\/revisions"}],"predecessor-version":[{"id":968,"href":"https:\/\/coldbet.app\/pl\/wp-json\/wp\/v2\/pages\/869\/revisions\/968"}],"up":[{"embeddable":true,"href":"https:\/\/coldbet.app\/pl\/wp-json\/wp\/v2\/pages\/838"}],"wp:attachment":[{"href":"https:\/\/coldbet.app\/pl\/wp-json\/wp\/v2\/media?parent=869"}],"curies":[{"name":"wp","href":"https:\/\/api.w.org\/{rel}","templated":true}]}}