{"id":749,"date":"2025-09-02T17:36:02","date_gmt":"2025-09-02T14:36:02","guid":{"rendered":"https:\/\/coldbet.app\/sn\/?page_id=749"},"modified":"2026-02-16T16:55:39","modified_gmt":"2026-02-16T13:55:39","slug":"promo-code","status":"publish","type":"page","link":"https:\/\/coldbet.app\/sn\/promo-code\/","title":{"rendered":"Code promotionnel"},"content":{"rendered":"","protected":false},"excerpt":{"rendered":"","protected":false},"author":1,"featured_media":0,"parent":0,"menu_order":0,"comment_status":"closed","ping_status":"closed","template":"","meta":{"_acf_changed":false,"footnotes":""},"class_list":["post-749","page","type-page","status-publish","hentry"],"acf":[],"yoast_head":"<!-- This site is optimized with the Yoast SEO plugin v25.5 - https:\/\/yoast.com\/wordpress\/plugins\/seo\/ -->\n<title>Code promo ColdBet \u1433 Promotions et bonus au S\u00e9n\u00e9gal<\/title>\n<meta name=\"description\" content=\"Code promo ColdBet\u00a0S\u00e9n\u00e9gal : comment obtenir des bonus \u00e0 l&#039;inscription. Codes promo actuels, instructions d&#039;activation et conditions d&#039;utilisation.\" \/>\n<meta name=\"robots\" content=\"index, follow, max-snippet:-1, max-image-preview:large, max-video-preview:-1\" \/>\n<meta property=\"og:locale\" content=\"fr_FR\" \/>\n<meta property=\"og:type\" content=\"article\" \/>\n<meta property=\"og:title\" content=\"Code promo ColdBet \u1433 Promotions et bonus au S\u00e9n\u00e9gal\" \/>\n<meta property=\"og:description\" content=\"Code promo ColdBet\u00a0S\u00e9n\u00e9gal : comment obtenir des bonus \u00e0 l&#039;inscription. Codes promo actuels, instructions d&#039;activation et conditions d&#039;utilisation.\" \/>\n<meta property=\"og:url\" content=\"https:\/\/coldbet.app\/sn\/promo-code\/\" \/>\n<meta property=\"og:site_name\" content=\"Coldbet App SN\" \/>\n<meta property=\"article:modified_time\" content=\"2026-02-16T13:55:39+00:00\" \/>\n<meta name=\"twitter:card\" content=\"summary_large_image\" \/>\n<script type=\"application\/ld+json\" class=\"yoast-schema-graph\">{\"@context\":\"https:\/\/schema.org\",\"@graph\":[{\"@type\":\"WebPage\",\"@id\":\"https:\/\/coldbet.app\/sn\/promo-code\/\",\"url\":\"https:\/\/coldbet.app\/sn\/promo-code\/\",\"name\":\"Code promo ColdBet \u1433 Promotions et bonus au S\u00e9n\u00e9gal\",\"isPartOf\":{\"@id\":\"https:\/\/coldbet.app\/sn\/#website\"},\"datePublished\":\"2025-09-02T14:36:02+00:00\",\"dateModified\":\"2026-02-16T13:55:39+00:00\",\"description\":\"Code promo ColdBet\u00a0S\u00e9n\u00e9gal : comment obtenir des bonus \u00e0 l'inscription. Codes promo actuels, instructions d'activation et conditions d'utilisation.\",\"breadcrumb\":{\"@id\":\"https:\/\/coldbet.app\/sn\/promo-code\/#breadcrumb\"},\"inLanguage\":\"fr-BE\",\"potentialAction\":[{\"@type\":\"ReadAction\",\"target\":[\"https:\/\/coldbet.app\/sn\/promo-code\/\"]}]},{\"@type\":\"BreadcrumbList\",\"@id\":\"https:\/\/coldbet.app\/sn\/promo-code\/#breadcrumb\",\"itemListElement\":[{\"@type\":\"ListItem\",\"position\":1,\"name\":\"Page d'accueil\",\"item\":\"https:\/\/coldbet.app\/sn\/\"},{\"@type\":\"ListItem\",\"position\":2,\"name\":\"Code promotionnel\"}]},{\"@type\":\"WebSite\",\"@id\":\"https:\/\/coldbet.app\/sn\/#website\",\"url\":\"https:\/\/coldbet.app\/sn\/\",\"name\":\"Coldbet App SN\",\"description\":\"\",\"potentialAction\":[{\"@type\":\"SearchAction\",\"target\":{\"@type\":\"EntryPoint\",\"urlTemplate\":\"https:\/\/coldbet.app\/sn\/?s={search_term_string}\"},\"query-input\":{\"@type\":\"PropertyValueSpecification\",\"valueRequired\":true,\"valueName\":\"search_term_string\"}}],\"inLanguage\":\"fr-BE\"}]}<\/script>\n<!-- \/ Yoast SEO plugin. -->","yoast_head_json":{"title":"Code promo ColdBet \u1433 Promotions et bonus au S\u00e9n\u00e9gal","description":"Code promo ColdBet\u00a0S\u00e9n\u00e9gal : comment obtenir des bonus \u00e0 l'inscription. Codes promo actuels, instructions d'activation et conditions d'utilisation.","robots":{"index":"index","follow":"follow","max-snippet":"max-snippet:-1","max-image-preview":"max-image-preview:large","max-video-preview":"max-video-preview:-1"},"og_locale":"fr_FR","og_type":"article","og_title":"Code promo ColdBet \u1433 Promotions et bonus au S\u00e9n\u00e9gal","og_description":"Code promo ColdBet\u00a0S\u00e9n\u00e9gal : comment obtenir des bonus \u00e0 l'inscription. Codes promo actuels, instructions d'activation et conditions d'utilisation.","og_url":"https:\/\/coldbet.app\/sn\/promo-code\/","og_site_name":"Coldbet App SN","article_modified_time":"2026-02-16T13:55:39+00:00","twitter_card":"summary_large_image","schema":{"@context":"https:\/\/schema.org","@graph":[{"@type":"WebPage","@id":"https:\/\/coldbet.app\/sn\/promo-code\/","url":"https:\/\/coldbet.app\/sn\/promo-code\/","name":"Code promo ColdBet \u1433 Promotions et bonus au S\u00e9n\u00e9gal","isPartOf":{"@id":"https:\/\/coldbet.app\/sn\/#website"},"datePublished":"2025-09-02T14:36:02+00:00","dateModified":"2026-02-16T13:55:39+00:00","description":"Code promo ColdBet\u00a0S\u00e9n\u00e9gal : comment obtenir des bonus \u00e0 l'inscription. Codes promo actuels, instructions d'activation et conditions d'utilisation.","breadcrumb":{"@id":"https:\/\/coldbet.app\/sn\/promo-code\/#breadcrumb"},"inLanguage":"fr-BE","potentialAction":[{"@type":"ReadAction","target":["https:\/\/coldbet.app\/sn\/promo-code\/"]}]},{"@type":"BreadcrumbList","@id":"https:\/\/coldbet.app\/sn\/promo-code\/#breadcrumb","itemListElement":[{"@type":"ListItem","position":1,"name":"Page d'accueil","item":"https:\/\/coldbet.app\/sn\/"},{"@type":"ListItem","position":2,"name":"Code promotionnel"}]},{"@type":"WebSite","@id":"https:\/\/coldbet.app\/sn\/#website","url":"https:\/\/coldbet.app\/sn\/","name":"Coldbet App SN","description":"","potentialAction":[{"@type":"SearchAction","target":{"@type":"EntryPoint","urlTemplate":"https:\/\/coldbet.app\/sn\/?s={search_term_string}"},"query-input":{"@type":"PropertyValueSpecification","valueRequired":true,"valueName":"search_term_string"}}],"inLanguage":"fr-BE"}]}},"_links":{"self":[{"href":"https:\/\/coldbet.app\/sn\/wp-json\/wp\/v2\/pages\/749","targetHints":{"allow":["GET"]}}],"collection":[{"href":"https:\/\/coldbet.app\/sn\/wp-json\/wp\/v2\/pages"}],"about":[{"href":"https:\/\/coldbet.app\/sn\/wp-json\/wp\/v2\/types\/page"}],"author":[{"embeddable":true,"href":"https:\/\/coldbet.app\/sn\/wp-json\/wp\/v2\/users\/1"}],"replies":[{"embeddable":true,"href":"https:\/\/coldbet.app\/sn\/wp-json\/wp\/v2\/comments?post=749"}],"version-history":[{"count":12,"href":"https:\/\/coldbet.app\/sn\/wp-json\/wp\/v2\/pages\/749\/revisions"}],"predecessor-version":[{"id":891,"href":"https:\/\/coldbet.app\/sn\/wp-json\/wp\/v2\/pages\/749\/revisions\/891"}],"wp:attachment":[{"href":"https:\/\/coldbet.app\/sn\/wp-json\/wp\/v2\/media?parent=749"}],"curies":[{"name":"wp","href":"https:\/\/api.w.org\/{rel}","templated":true}]}}